{"id":218,"date":"2015-05-28T11:42:41","date_gmt":"2015-05-28T11:42:41","guid":{"rendered":"http:\/\/filatsgonfaus.ergatesweb2.net\/en\/politica-de-privacidad\/"},"modified":"2023-05-22T12:04:18","modified_gmt":"2023-05-22T12:04:18","slug":"politica-de-privacidad","status":"publish","type":"page","link":"https:\/\/www.filatsgonfaus.com\/en\/politica-de-privacidad\/","title":{"rendered":"Pol\u00edtica de privacidad"},"content":{"rendered":"<div  class='flex_column av-mb1v7-de4d6dc03f26f5eea3424d74d591f2d8 av_one_full  avia-builder-el-0  avia-builder-el-no-sibling  first flex_column_div  '     ><p>\n<style type=\"text\/css\" data-created_by=\"avia_inline_auto\" id=\"style-css-av-jnwxgkqr-83bd7f93b8908b116de640355b32f611\">\n#top .av-special-heading.av-jnwxgkqr-83bd7f93b8908b116de640355b32f611{\npadding-bottom:10px;\n}\nbody .av-special-heading.av-jnwxgkqr-83bd7f93b8908b116de640355b32f611 .av-special-heading-tag .heading-char{\nfont-size:25px;\n}\n.av-special-heading.av-jnwxgkqr-83bd7f93b8908b116de640355b32f611 .av-subheading{\nfont-size:15px;\n}\n<\/style>\n<div  class='av-special-heading av-jnwxgkqr-83bd7f93b8908b116de640355b32f611 av-special-heading-h1  avia-builder-el-1  el_before_av_textblock  avia-builder-el-first '><h1 class='av-special-heading-tag '  itemprop=\"headline\"  >Pol\u00edtica de privacidad<\/h1><div class=\"special-heading-border\"><div class=\"special-heading-inner-border\"><\/div><\/div><\/div><br \/>\n<section  class='av_textblock_section av-agpvf-4bcafa37bac12a0bcd2803a997b15197 '   itemscope=\"itemscope\" itemtype=\"https:\/\/schema.org\/CreativeWork\" ><div class='avia_textblock'  itemprop=\"text\" ><div id=\"outerContainer\">\n<div id=\"sidebarContainer\">\n<div id=\"toolbarSidebar\">\n<div id=\"toolbarSidebarLeft\"><span id=\"page3R_mcid2\" class=\"markedContent\"><span dir=\"ltr\" role=\"presentation\">En FILATS GONFAUS SA nos preocupamos por la privacidad y la transparencia. <\/span><\/span><span id=\"page3R_mcid4\" class=\"markedContent\"><span dir=\"ltr\" role=\"presentation\">A continuaci\u00f3n, le indicamos en detalle los tratamientos de datos personales que <\/span><span dir=\"ltr\" role=\"presentation\">realizamos, as\u00ed como toda la informaci\u00f3n relativa a los<\/span> <span dir=\"ltr\" role=\"presentation\">mismos.<\/span><\/span><\/div>\n<\/div>\n<\/div>\n<\/div>\n<p><span id=\"page3R_mcid6\" class=\"markedContent\"><span dir=\"ltr\" role=\"presentation\">\u00bfQui\u00e9n es el responsable del tratamiento de sus datos? <\/span><\/span><\/p>\n<p><span id=\"page3R_mcid8\" class=\"markedContent\"><span dir=\"ltr\" role=\"presentation\">FILATS GONFAUS SA<\/span><\/span><span id=\"page3R_mcid9\" class=\"markedContent\"><\/span><span id=\"page3R_mcid10\" class=\"markedContent\"><br role=\"presentation\" \/><span dir=\"ltr\" role=\"presentation\">A58082215<\/span><\/span><span id=\"page3R_mcid11\" class=\"markedContent\"><\/span><span id=\"page3R_mcid12\" class=\"markedContent\"><br role=\"presentation\" \/><span dir=\"ltr\" role=\"presentation\">COLONIA CAL RIERA, S\/N<\/span> <span dir=\"ltr\" role=\"presentation\">&#8211;<\/span> <span dir=\"ltr\" role=\"presentation\">08692<\/span> <span dir=\"ltr\" role=\"presentation\">&#8211;<\/span> <span dir=\"ltr\" role=\"presentation\">PUIG<\/span><span dir=\"ltr\" role=\"presentation\">&#8211;<\/span><span dir=\"ltr\" role=\"presentation\">REIG<\/span> <span dir=\"ltr\" role=\"presentation\">&#8211;<\/span> <span dir=\"ltr\" role=\"presentation\">BARCELONA<\/span><\/span><span id=\"page3R_mcid13\" class=\"markedContent\"><\/span><span id=\"page3R_mcid14\" class=\"markedContent\"><br role=\"presentation\" \/><span dir=\"ltr\" role=\"presentation\">938380411<\/span><\/span><span id=\"page3R_mcid15\" class=\"markedContent\"><\/span><span id=\"page3R_mcid16\" class=\"markedContent\"><br role=\"presentation\" \/><span dir=\"ltr\" role=\"presentation\">admin@filatsgonfaus.com<\/span><\/span><span id=\"page3R_mcid17\" class=\"markedContent\"><\/span><span id=\"page3R_mcid18\" class=\"markedContent\"><br role=\"presentation\" \/><\/span><\/p>\n<h3><span id=\"page3R_mcid18\" class=\"markedContent\"><span dir=\"ltr\" role=\"presentation\">\u00bfCu\u00e1les son sus derechos cuando nos facilita sus datos?<\/span><\/span><\/h3>\n<p><span id=\"page3R_mcid20\" class=\"markedContent\"><span dir=\"ltr\" role=\"presentation\">Cualquier persona t<\/span><span dir=\"ltr\" role=\"presentation\">iene derecho a obtener confirmaci\u00f3n sobre si en FILATS GONFAUS <\/span><span dir=\"ltr\" role=\"presentation\">SA estamos tratando, o no, datos personales que les conciernan.<\/span><\/span><\/p>\n<p><span id=\"page3R_mcid22\" class=\"markedContent\"><span dir=\"ltr\" role=\"presentation\">Las personas interesadas tienen derecho a acceder a sus datos personales, as\u00ed como a <\/span><span dir=\"ltr\" role=\"presentation\">solicitar la rectificaci\u00f3n de los datos ine<\/span><span dir=\"ltr\" role=\"presentation\">xactos o, en su caso, solicitar su supresi\u00f3n cuando, <\/span><span dir=\"ltr\" role=\"presentation\">entre otros motivos, los datos ya no sean necesarios para los fines que fueron recogidos. <\/span><span dir=\"ltr\" role=\"presentation\">Igualmente tiene derecho a la portabilidad de sus datos.<\/span><\/span><\/p>\n<p><span id=\"page3R_mcid23\" class=\"markedContent\"><\/span><span id=\"page3R_mcid24\" class=\"markedContent\"><span dir=\"ltr\" role=\"presentation\">En<\/span> <span dir=\"ltr\" role=\"presentation\">determinadas<\/span> <span dir=\"ltr\" role=\"presentation\">circunstancias,<\/span> <span dir=\"ltr\" role=\"presentation\">los<\/span> <span dir=\"ltr\" role=\"presentation\">interesados<\/span> <span dir=\"ltr\" role=\"presentation\">podr\u00e1n<\/span> <span dir=\"ltr\" role=\"presentation\">s<\/span><span dir=\"ltr\" role=\"presentation\">olicitar<\/span> <span dir=\"ltr\" role=\"presentation\">la<\/span> <span dir=\"ltr\" role=\"presentation\">limitaci\u00f3n<\/span> <span dir=\"ltr\" role=\"presentation\">del <\/span><span dir=\"ltr\" role=\"presentation\">tratamiento de sus datos, en cuyo caso \u00fanicamente los conservaremos para el ejercicio o <\/span><span dir=\"ltr\" role=\"presentation\">la defensa de reclamaciones.<\/span><\/span><\/p>\n<p><span id=\"page3R_mcid26\" class=\"markedContent\"><span dir=\"ltr\" role=\"presentation\">En determinadas circunstancias y por motivos relacionados con su situaci\u00f3n particular, <\/span><span dir=\"ltr\" role=\"presentation\">los interesados podr\u00e1n op<\/span><span dir=\"ltr\" role=\"presentation\">onerse al tratamiento de sus datos. En este caso, FILATS <\/span><span dir=\"ltr\" role=\"presentation\">GONFAUS SA dejar\u00e1 de tratar los datos, salvo por motivos leg\u00edtimos imperiosos, o el <\/span><span dir=\"ltr\" role=\"presentation\">ejercicio o la defensa de posibles reclamaciones.<\/span><\/span><span id=\"page3R_mcid27\" class=\"markedContent\"><\/span><span id=\"page3R_mcid28\" class=\"markedContent\"><br role=\"presentation\" \/><span dir=\"ltr\" role=\"presentation\">Podr\u00e1 ejercitar<\/span> <span dir=\"ltr\" role=\"presentation\">materialmente sus<\/span> <span dir=\"ltr\" role=\"presentation\">derechos<\/span> <span dir=\"ltr\" role=\"presentation\">de la<\/span> <span dir=\"ltr\" role=\"presentation\">siguiente forma: dirigi\u00e9ndose a <\/span><span dir=\"ltr\" role=\"presentation\">admin@filatsgonfaus.com o Colonia Cal Riera, s\/n<\/span> <span dir=\"ltr\" role=\"presentation\">&#8211;<\/span> <span dir=\"ltr\" role=\"presentation\">08692 Puig<\/span><span dir=\"ltr\" role=\"presentation\">&#8211;<\/span><span dir=\"ltr\" role=\"presentation\">Reig, Bergued\u00e0<\/span> <span dir=\"ltr\" role=\"presentation\">&#8211; <\/span><span dir=\"ltr\" role=\"presentation\">Barcelona.<\/span><\/span><span id=\"page3R_mcid29\" class=\"markedContent\"><\/span><\/p>\n<p><span id=\"page21R_mcid0\" class=\"markedContent\"><span dir=\"ltr\" role=\"presentation\">Cuando se realice el env\u00edo de comunicaciones comerciales utilizando como base jur\u00eddica <\/span><span dir=\"ltr\" role=\"presentation\">el inter\u00e9s leg\u00edtimo del responsable, el interes<\/span><span dir=\"ltr\" role=\"presentation\">ado podr\u00e1 oponerse al tratamiento de sus <\/span><span dir=\"ltr\" role=\"presentation\">datos con ese fin. <\/span><\/span><span id=\"page21R_mcid2\" class=\"markedContent\"><span dir=\"ltr\" role=\"presentation\">Si ha otorgado su consentimiento para alguna finalidad concreta, tiene derecho a retirar<\/span><br role=\"presentation\" \/><span dir=\"ltr\" role=\"presentation\">el consentimiento otorgado en cualquier momento, sin que ello afecte a la licitud del <\/span><span dir=\"ltr\" role=\"presentation\">tratamiento basado en<\/span> <span dir=\"ltr\" role=\"presentation\">el consentimiento previo a su retirada.<\/span><\/span><\/p>\n<p><span id=\"page21R_mcid4\" class=\"markedContent\"><span dir=\"ltr\" role=\"presentation\">En caso de que sienta vulnerados sus derechos en lo concerniente a la protecci\u00f3n de sus <\/span><span dir=\"ltr\" role=\"presentation\">datos personales, especialmente cuando no haya obtenido satisfacci\u00f3n en el ejercicio de <\/span><span dir=\"ltr\" role=\"presentation\">sus derechos, puede presentar una recla<\/span><span dir=\"ltr\" role=\"presentation\">maci\u00f3n ante la Autoridad de Control en materia <\/span><span dir=\"ltr\" role=\"presentation\">de Protecci\u00f3n de Datos competente a trav\u00e9s de su sitio web: www.a<\/span><span dir=\"ltr\" role=\"presentation\">e<\/span><span dir=\"ltr\" role=\"presentation\">pd.es. <\/span><\/span><\/p>\n<h2><span id=\"page21R_mcid7\" class=\"markedContent\"><span dir=\"ltr\" role=\"presentation\">1<\/span><span dir=\"ltr\" role=\"presentation\">.<\/span> <span dir=\"ltr\" role=\"presentation\">Tratamiento de los datos del correo electr\u00f3nico\u00a0<\/span><\/span><\/h2>\n<h3><span id=\"page21R_mcid9\" class=\"markedContent\"><span dir=\"ltr\" role=\"presentation\">\u00bfCon qu\u00e9 finalidad tratamos sus datos personales? <\/span><\/span><\/h3>\n<p><span id=\"page21R_mcid11\" class=\"markedContent\"><span dir=\"ltr\" role=\"presentation\">En FILATS GONFAUS SA tratamos la i<\/span><span dir=\"ltr\" role=\"presentation\">nformaci\u00f3n que nos facilitan las personas <\/span><span dir=\"ltr\" role=\"presentation\">interesadas con el fin de prestarle los servicios que nos ha solicitado, atender sus <\/span><span dir=\"ltr\" role=\"presentation\">solicitudes de informaci\u00f3n y enviarle comunicaciones comerciales. En el caso de que nos f<\/span><\/span><span id=\"page21R_mcid11\" class=\"markedContent\"><span dir=\"ltr\" role=\"presentation\">acilite sus datos personales, no podremos<\/span> <span dir=\"ltr\" role=\"presentation\">cumplir con las finalidades descritas.<\/span> <span dir=\"ltr\" role=\"presentation\">No se <\/span><span dir=\"ltr\" role=\"presentation\">van a tomar decisiones automatizadas en base a los datos proporcionados.<\/span><\/span><\/p>\n<h3><span id=\"page21R_mcid12\" class=\"markedContent\"><\/span><span id=\"page21R_mcid13\" class=\"markedContent\"><span dir=\"ltr\" role=\"presentation\">\u00bfPor cu\u00e1nto tiempo conservaremos sus datos? <\/span><\/span><\/h3>\n<p><span id=\"page21R_mcid15\" class=\"markedContent\"><span dir=\"ltr\" role=\"presentation\">Los datos se conservar\u00e1n mientras el interesado no solicite su supresi\u00f3n. <\/span><\/span><\/p>\n<h3><span id=\"page21R_mcid17\" class=\"markedContent\"><span dir=\"ltr\" role=\"presentation\">\u00bfCu\u00e1l es la legitim<\/span><span dir=\"ltr\" role=\"presentation\">aci\u00f3n para el tratamiento de sus datos?<\/span><\/span><\/h3>\n<p><span id=\"page21R_mcid19\" class=\"markedContent\"><span dir=\"ltr\" role=\"presentation\">Le indicamos la base legal para el tratamiento de sus datos:<\/span><\/span><\/p>\n<ul>\n<li><span id=\"page21R_mcid21\" class=\"markedContent\"><span dir=\"ltr\" role=\"presentation\">Ejecuci\u00f3n de un contrato: Atender su solicitud.<\/span><\/span><\/li>\n<li><span id=\"page21R_mcid23\" class=\"markedContent\"><span dir=\"ltr\" role=\"presentation\">Inter\u00e9s leg\u00edtimo del Responsable: Env\u00edo de comunicaciones comerciales.<\/span><\/span><\/li>\n<li><span id=\"page21R_mcid25\" class=\"markedContent\"><span dir=\"ltr\" role=\"presentation\">Consentimiento del interesado: Conta<\/span><span dir=\"ltr\" role=\"presentation\">cto y env\u00edo de comunicaciones comerciales <\/span><span dir=\"ltr\" role=\"presentation\">en base al inter\u00e9s demostrado.<\/span><\/span><\/li>\n<\/ul>\n<h3><span id=\"page30R_mcid26\" class=\"markedContent\"><span dir=\"ltr\" role=\"presentation\">\u00bfA qu\u00e9<\/span> <span dir=\"ltr\" role=\"presentation\">destinatarios se comunicar\u00e1n sus datos?<\/span><\/span><\/h3>\n<p><span id=\"page30R_mcid0\" class=\"markedContent\"><span dir=\"ltr\" role=\"presentation\">No se ceder\u00e1n datos a terceros, salvo obligaci\u00f3n legal.<\/span><\/span><\/p>\n<h3><span id=\"page30R_mcid2\" class=\"markedContent\"><span dir=\"ltr\" role=\"presentation\">Transferencias de datos a terceros pa\u00edses<\/span><\/span><\/h3>\n<p><span id=\"page30R_mcid4\" class=\"markedContent\"><span dir=\"ltr\" role=\"presentation\">No est\u00e1n previstas transferencias de d<\/span><span dir=\"ltr\" role=\"presentation\">atos a terceros pa\u00edses. <\/span><\/span><\/p>\n<h3><span id=\"page30R_mcid6\" class=\"markedContent\"><span dir=\"ltr\" role=\"presentation\">\u00bfC\u00f3mo hemos obtenido sus datos?<\/span><\/span><\/h3>\n<p><span id=\"page30R_mcid8\" class=\"markedContent\"><span dir=\"ltr\" role=\"presentation\">Los datos personales que tratamos en FILATS GONFAUS SA proceden de: El propio <\/span><span dir=\"ltr\" role=\"presentation\">interesado.<\/span><\/span><\/p>\n<h2><span id=\"page30R_mcid10\" class=\"markedContent\"><span dir=\"ltr\" role=\"presentation\">2<\/span><span dir=\"ltr\" role=\"presentation\">.<\/span> <span dir=\"ltr\" role=\"presentation\">Tratamiento de los datos de videovigilancia<\/span><\/span><\/h2>\n<h3><span id=\"page30R_mcid12\" class=\"markedContent\"><span dir=\"ltr\" role=\"presentation\">\u00bfCon qu\u00e9 finalidad tratamos sus datos personales?<\/span><\/span><\/h3>\n<p><span id=\"page30R_mcid14\" class=\"markedContent\"><span dir=\"ltr\" role=\"presentation\">En FILATS GO<\/span><span dir=\"ltr\" role=\"presentation\">NFAUS SA tratamos la informaci\u00f3n que nos facilitan las personas <\/span><span dir=\"ltr\" role=\"presentation\">interesadas con el fin de garantizar la seguridad de las personas, bienes e instalaciones <\/span><span dir=\"ltr\" role=\"presentation\">usando los sistemas de videovigilancia. En el caso de que no facilite sus datos personales, <\/span><span dir=\"ltr\" role=\"presentation\">no podremo<\/span><span dir=\"ltr\" role=\"presentation\">s cumplir con las finalidades descritas.<\/span> <span dir=\"ltr\" role=\"presentation\">No se van a tomar decisiones <\/span><span dir=\"ltr\" role=\"presentation\">automatizadas en base a los datos proporcionados.<\/span><\/span><\/p>\n<h3><span id=\"page30R_mcid16\" class=\"markedContent\"><span dir=\"ltr\" role=\"presentation\">\u00bfPor cu\u00e1nto tiempo conservaremos sus datos? <\/span><\/span><\/h3>\n<p><span id=\"page30R_mcid18\" class=\"markedContent\"><span dir=\"ltr\" role=\"presentation\">Los datos se conservar\u00e1n un m\u00e1ximo de 30 d\u00edas, salvo comunicaci\u00f3n a Fuerzas y Cuerpos <\/span><span dir=\"ltr\" role=\"presentation\">de<\/span> <span dir=\"ltr\" role=\"presentation\">Seguridad, y\/o Juzgados y Tribunales. <\/span><\/span><\/p>\n<h3><span id=\"page30R_mcid20\" class=\"markedContent\"><span dir=\"ltr\" role=\"presentation\">\u00bfCu\u00e1l es la legitimaci\u00f3n para el tratamiento de sus datos?<\/span><\/span><\/h3>\n<p><span id=\"page30R_mcid22\" class=\"markedContent\"><span dir=\"ltr\" role=\"presentation\">Le indicamos la base legal para el tratamiento de sus datos:<\/span><\/span><\/p>\n<ul>\n<li><span id=\"page30R_mcid24\" class=\"markedContent\"><span dir=\"ltr\" role=\"presentation\">Misi\u00f3n en Inter\u00e9s p\u00fablico: Garantizar la seguridad de las personas, bienes e<\/span><br role=\"presentation\" \/><span dir=\"ltr\" role=\"presentation\">instalaciones<\/span><\/span><\/li>\n<\/ul>\n<p><span id=\"page30R_mcid28\" class=\"markedContent\"><span dir=\"ltr\" role=\"presentation\">Los datos se comunicar\u00e1n a los siguientes destinatarios:<\/span><\/span><\/p>\n<ul>\n<li><span id=\"page30R_mcid30\" class=\"markedContent\"><span dir=\"ltr\" role=\"presentation\">En su caso, las fuerzas y cuerpos de seguridad del Estado, as\u00ed como Juzgados y<\/span><br role=\"presentation\" \/><span dir=\"ltr\" role=\"presentation\">Tribunales, con la finalidad de aportar las im\u00e1genes si se ha cometido un delito<\/span><br role=\"presentation\" \/><span dir=\"ltr\" role=\"presentation\">(requisito legal).<\/span><\/span><span id=\"page30R_mcid31\" class=\"markedContent\"><\/span><span id=\"page30R_mcid32\" class=\"markedContent\"><br role=\"presentation\" \/><span dir=\"ltr\" role=\"presentation\">Transferencias de datos a terceros pa\u00edses<\/span><\/span><span id=\"page30R_mcid33\" class=\"markedContent\"><\/span><\/li>\n<\/ul>\n<p><span id=\"page32R_mcid0\" class=\"markedContent\"><span dir=\"ltr\" role=\"presentation\">No est\u00e1n previstas transferencias de datos a terceros pa\u00edses.<\/span><\/span><\/p>\n<h3><span id=\"page32R_mcid2\" class=\"markedContent\"><span dir=\"ltr\" role=\"presentation\">\u00bfC\u00f3mo hemos obtenido sus datos?<\/span><\/span><\/h3>\n<p><span id=\"page32R_mcid4\" class=\"markedContent\"><span dir=\"ltr\" role=\"presentation\">Los datos personales que tratamos en FILATS GONFAUS SA proceden de: El propio <\/span><span dir=\"ltr\" role=\"presentation\">interesado.<\/span><\/span><\/p>\n<\/div><\/section><\/p><\/div>\n","protected":false},"excerpt":{"rendered":"","protected":false},"author":1,"featured_media":0,"parent":0,"menu_order":0,"comment_status":"closed","ping_status":"open","template":"","meta":{"footnotes":""},"class_list":["post-218","page","type-page","status-publish","hentry"],"yoast_head":"<!-- This site is optimized with the Yoast SEO plugin v27.3 - https:\/\/yoast.com\/product\/yoast-seo-wordpress\/ -->\n<title>Filats Gonfaus - Pol\u00edtica de privacidad<\/title>\n<meta name=\"description\" content=\"Pol\u00edtica de privacidad, uso de cookies, activaci\u00f3n y eliminaci\u00f3n de las mismas.\" \/>\n<meta name=\"robots\" content=\"index, follow, max-snippet:-1, max-image-preview:large, max-video-preview:-1\" \/>\n<link rel=\"canonical\" href=\"https:\/\/www.filatsgonfaus.com\/en\/politica-de-privacidad\/\" \/>\n<meta property=\"og:locale\" content=\"en_US\" \/>\n<meta property=\"og:type\" content=\"article\" \/>\n<meta property=\"og:title\" content=\"Filats Gonfaus - Pol\u00edtica de privacidad\" \/>\n<meta property=\"og:description\" content=\"Pol\u00edtica de privacidad, uso de cookies, activaci\u00f3n y eliminaci\u00f3n de las mismas.\" \/>\n<meta property=\"og:url\" content=\"https:\/\/www.filatsgonfaus.com\/en\/politica-de-privacidad\/\" \/>\n<meta property=\"og:site_name\" content=\"Filats Gonfaus\" \/>\n<meta property=\"article:modified_time\" content=\"2023-05-22T12:04:18+00:00\" \/>\n<meta name=\"twitter:card\" content=\"summary_large_image\" \/>\n<meta name=\"twitter:label1\" content=\"Est. reading time\" \/>\n\t<meta name=\"twitter:data1\" content=\"7 minutes\" \/>\n<script type=\"application\/ld+json\" class=\"yoast-schema-graph\">{\"@context\":\"https:\\\/\\\/schema.org\",\"@graph\":[{\"@type\":\"WebPage\",\"@id\":\"https:\\\/\\\/www.filatsgonfaus.com\\\/en\\\/politica-de-privacidad\\\/\",\"url\":\"https:\\\/\\\/www.filatsgonfaus.com\\\/en\\\/politica-de-privacidad\\\/\",\"name\":\"Filats Gonfaus - Pol\u00edtica de privacidad\",\"isPartOf\":{\"@id\":\"https:\\\/\\\/www.filatsgonfaus.com\\\/#website\"},\"datePublished\":\"2015-05-28T11:42:41+00:00\",\"dateModified\":\"2023-05-22T12:04:18+00:00\",\"description\":\"Pol\u00edtica de privacidad, uso de cookies, activaci\u00f3n y eliminaci\u00f3n de las mismas.\",\"breadcrumb\":{\"@id\":\"https:\\\/\\\/www.filatsgonfaus.com\\\/en\\\/politica-de-privacidad\\\/#breadcrumb\"},\"inLanguage\":\"en-US\",\"potentialAction\":[{\"@type\":\"ReadAction\",\"target\":[\"https:\\\/\\\/www.filatsgonfaus.com\\\/en\\\/politica-de-privacidad\\\/\"]}]},{\"@type\":\"BreadcrumbList\",\"@id\":\"https:\\\/\\\/www.filatsgonfaus.com\\\/en\\\/politica-de-privacidad\\\/#breadcrumb\",\"itemListElement\":[{\"@type\":\"ListItem\",\"position\":1,\"name\":\"Portada\",\"item\":\"https:\\\/\\\/www.filatsgonfaus.com\\\/en\\\/\"},{\"@type\":\"ListItem\",\"position\":2,\"name\":\"Pol\u00edtica de privacidad\"}]},{\"@type\":\"WebSite\",\"@id\":\"https:\\\/\\\/www.filatsgonfaus.com\\\/#website\",\"url\":\"https:\\\/\\\/www.filatsgonfaus.com\\\/\",\"name\":\"Filats Gonfaus\",\"description\":\"Empresa de filatura textil Gonfaus\",\"potentialAction\":[{\"@type\":\"SearchAction\",\"target\":{\"@type\":\"EntryPoint\",\"urlTemplate\":\"https:\\\/\\\/www.filatsgonfaus.com\\\/?s={search_term_string}\"},\"query-input\":{\"@type\":\"PropertyValueSpecification\",\"valueRequired\":true,\"valueName\":\"search_term_string\"}}],\"inLanguage\":\"en-US\"}]}<\/script>\n<!-- \/ Yoast SEO plugin. -->","yoast_head_json":{"title":"Filats Gonfaus - Pol\u00edtica de privacidad","description":"Pol\u00edtica de privacidad, uso de cookies, activaci\u00f3n y eliminaci\u00f3n de las mismas.","robots":{"index":"index","follow":"follow","max-snippet":"max-snippet:-1","max-image-preview":"max-image-preview:large","max-video-preview":"max-video-preview:-1"},"canonical":"https:\/\/www.filatsgonfaus.com\/en\/politica-de-privacidad\/","og_locale":"en_US","og_type":"article","og_title":"Filats Gonfaus - Pol\u00edtica de privacidad","og_description":"Pol\u00edtica de privacidad, uso de cookies, activaci\u00f3n y eliminaci\u00f3n de las mismas.","og_url":"https:\/\/www.filatsgonfaus.com\/en\/politica-de-privacidad\/","og_site_name":"Filats Gonfaus","article_modified_time":"2023-05-22T12:04:18+00:00","twitter_card":"summary_large_image","twitter_misc":{"Est. reading time":"7 minutes"},"schema":{"@context":"https:\/\/schema.org","@graph":[{"@type":"WebPage","@id":"https:\/\/www.filatsgonfaus.com\/en\/politica-de-privacidad\/","url":"https:\/\/www.filatsgonfaus.com\/en\/politica-de-privacidad\/","name":"Filats Gonfaus - Pol\u00edtica de privacidad","isPartOf":{"@id":"https:\/\/www.filatsgonfaus.com\/#website"},"datePublished":"2015-05-28T11:42:41+00:00","dateModified":"2023-05-22T12:04:18+00:00","description":"Pol\u00edtica de privacidad, uso de cookies, activaci\u00f3n y eliminaci\u00f3n de las mismas.","breadcrumb":{"@id":"https:\/\/www.filatsgonfaus.com\/en\/politica-de-privacidad\/#breadcrumb"},"inLanguage":"en-US","potentialAction":[{"@type":"ReadAction","target":["https:\/\/www.filatsgonfaus.com\/en\/politica-de-privacidad\/"]}]},{"@type":"BreadcrumbList","@id":"https:\/\/www.filatsgonfaus.com\/en\/politica-de-privacidad\/#breadcrumb","itemListElement":[{"@type":"ListItem","position":1,"name":"Portada","item":"https:\/\/www.filatsgonfaus.com\/en\/"},{"@type":"ListItem","position":2,"name":"Pol\u00edtica de privacidad"}]},{"@type":"WebSite","@id":"https:\/\/www.filatsgonfaus.com\/#website","url":"https:\/\/www.filatsgonfaus.com\/","name":"Filats Gonfaus","description":"Empresa de filatura textil Gonfaus","potentialAction":[{"@type":"SearchAction","target":{"@type":"EntryPoint","urlTemplate":"https:\/\/www.filatsgonfaus.com\/?s={search_term_string}"},"query-input":{"@type":"PropertyValueSpecification","valueRequired":true,"valueName":"search_term_string"}}],"inLanguage":"en-US"}]}},"_links":{"self":[{"href":"https:\/\/www.filatsgonfaus.com\/en\/wp-json\/wp\/v2\/pages\/218","targetHints":{"allow":["GET"]}}],"collection":[{"href":"https:\/\/www.filatsgonfaus.com\/en\/wp-json\/wp\/v2\/pages"}],"about":[{"href":"https:\/\/www.filatsgonfaus.com\/en\/wp-json\/wp\/v2\/types\/page"}],"author":[{"embeddable":true,"href":"https:\/\/www.filatsgonfaus.com\/en\/wp-json\/wp\/v2\/users\/1"}],"replies":[{"embeddable":true,"href":"https:\/\/www.filatsgonfaus.com\/en\/wp-json\/wp\/v2\/comments?post=218"}],"version-history":[{"count":13,"href":"https:\/\/www.filatsgonfaus.com\/en\/wp-json\/wp\/v2\/pages\/218\/revisions"}],"predecessor-version":[{"id":458,"href":"https:\/\/www.filatsgonfaus.com\/en\/wp-json\/wp\/v2\/pages\/218\/revisions\/458"}],"wp:attachment":[{"href":"https:\/\/www.filatsgonfaus.com\/en\/wp-json\/wp\/v2\/media?parent=218"}],"curies":[{"name":"wp","href":"https:\/\/api.w.org\/{rel}","templated":true}]}}