{"id":265,"date":"2014-09-24T15:17:12","date_gmt":"2014-09-24T15:17:12","guid":{"rendered":"http:\/\/www.filatsgonfaus.com\/fr\/inici\/"},"modified":"2017-03-06T07:59:16","modified_gmt":"2017-03-06T07:59:16","slug":"inici","status":"publish","type":"page","link":"https:\/\/www.filatsgonfaus.com\/fr\/","title":{"rendered":"Accueil"},"content":{"rendered":"<div id='full_slider_1'  class='avia-fullwidth-slider main_color avia-shadow   avia-builder-el-0  el_before_av_one_fifth  avia-builder-el-first   container_wrap fullsize'  ><div  class='avia-slideshow av-av_slideshow_full-d4e530b0cb1798d46f379c4c9b222234 avia-slideshow-featured av_slideshow_full avia-slide-slider av-slideshow-ui av-control-default av-slideshow-autoplay av-loop-endless av-loop-manual-endless av-default-height-applied   avia-slideshow-1' data-slideshow-options=\"{&quot;animation&quot;:&quot;slide&quot;,&quot;autoplay&quot;:true,&quot;loop_autoplay&quot;:&quot;endless&quot;,&quot;interval&quot;:5,&quot;loop_manual&quot;:&quot;manual-endless&quot;,&quot;autoplay_stopper&quot;:false,&quot;noNavigation&quot;:false,&quot;bg_slider&quot;:false,&quot;keep_padding&quot;:false,&quot;hoverpause&quot;:false,&quot;show_slide_delay&quot;:0}\"  itemprop=\"image\" itemscope=\"itemscope\" itemtype=\"https:\/\/schema.org\/ImageObject\" ><ul class='avia-slideshow-inner ' style='padding-bottom: 28.666666666667%;'><li  class='avia-slideshow-slide av-av_slideshow_full-d4e530b0cb1798d46f379c4c9b222234__0  slide-1 slide-odd'><div data-rel='slideshow-1' class='avia-slide-wrap '  title='Filats Gonfaus - F\u00e1brica en Cal Riera' ><img decoding=\"async\" fetchpriority=\"high\" class=\"wp-image-105 avia-img-lazy-loading-not-105\"  src=\"https:\/\/www.filatsgonfaus.com\/wp-content\/uploads\/2015\/05\/filats-gonfaus-03.jpg\" width=\"1500\" height=\"430\" title='Filats Gonfaus - F\u00e1brica en Cal Riera' alt='Filats Gonfaus - F\u00e1brica en Cal Riera'  itemprop=\"thumbnailUrl\" srcset=\"https:\/\/www.filatsgonfaus.com\/wp-content\/uploads\/2015\/05\/filats-gonfaus-03.jpg 1500w, https:\/\/www.filatsgonfaus.com\/wp-content\/uploads\/2015\/05\/filats-gonfaus-03-300x86.jpg 300w, https:\/\/www.filatsgonfaus.com\/wp-content\/uploads\/2015\/05\/filats-gonfaus-03-1030x295.jpg 1030w, https:\/\/www.filatsgonfaus.com\/wp-content\/uploads\/2015\/05\/filats-gonfaus-03-705x202.jpg 705w, https:\/\/www.filatsgonfaus.com\/wp-content\/uploads\/2015\/05\/filats-gonfaus-03-450x129.jpg 450w\" sizes=\"(max-width: 1500px) 100vw, 1500px\" \/><\/div><\/li><li  class='avia-slideshow-slide av-av_slideshow_full-d4e530b0cb1798d46f379c4c9b222234__1  slide-2 slide-even'><div data-rel='slideshow-1' class='avia-slide-wrap '  title='Filats Gonfaus' ><img decoding=\"async\" fetchpriority=\"high\" class=\"wp-image-107 avia-img-lazy-loading-not-107\"  src=\"https:\/\/www.filatsgonfaus.com\/wp-content\/uploads\/2015\/05\/filats-gonfaus-05.jpg\" width=\"1500\" height=\"430\" title='Filats Gonfaus' alt='Filats Gonfaus'  itemprop=\"thumbnailUrl\" srcset=\"https:\/\/www.filatsgonfaus.com\/wp-content\/uploads\/2015\/05\/filats-gonfaus-05.jpg 1500w, https:\/\/www.filatsgonfaus.com\/wp-content\/uploads\/2015\/05\/filats-gonfaus-05-300x86.jpg 300w, https:\/\/www.filatsgonfaus.com\/wp-content\/uploads\/2015\/05\/filats-gonfaus-05-1030x295.jpg 1030w, https:\/\/www.filatsgonfaus.com\/wp-content\/uploads\/2015\/05\/filats-gonfaus-05-705x202.jpg 705w, https:\/\/www.filatsgonfaus.com\/wp-content\/uploads\/2015\/05\/filats-gonfaus-05-450x129.jpg 450w\" sizes=\"(max-width: 1500px) 100vw, 1500px\" \/><\/div><\/li><li  class='avia-slideshow-slide av-av_slideshow_full-d4e530b0cb1798d46f379c4c9b222234__2  slide-3 slide-odd'><div data-rel='slideshow-1' class='avia-slide-wrap '  title='Filats Gonfaus' ><img decoding=\"async\" fetchpriority=\"high\" class=\"wp-image-106 avia-img-lazy-loading-not-106\"  src=\"https:\/\/www.filatsgonfaus.com\/wp-content\/uploads\/2015\/05\/filats-gonfaus-04.jpg\" width=\"1500\" height=\"430\" title='Filats Gonfaus' alt='Filats Gonfaus'  itemprop=\"thumbnailUrl\" srcset=\"https:\/\/www.filatsgonfaus.com\/wp-content\/uploads\/2015\/05\/filats-gonfaus-04.jpg 1500w, https:\/\/www.filatsgonfaus.com\/wp-content\/uploads\/2015\/05\/filats-gonfaus-04-300x86.jpg 300w, https:\/\/www.filatsgonfaus.com\/wp-content\/uploads\/2015\/05\/filats-gonfaus-04-1030x295.jpg 1030w, https:\/\/www.filatsgonfaus.com\/wp-content\/uploads\/2015\/05\/filats-gonfaus-04-705x202.jpg 705w, https:\/\/www.filatsgonfaus.com\/wp-content\/uploads\/2015\/05\/filats-gonfaus-04-450x129.jpg 450w\" sizes=\"(max-width: 1500px) 100vw, 1500px\" \/><\/div><\/li><li  class='avia-slideshow-slide av-av_slideshow_full-d4e530b0cb1798d46f379c4c9b222234__3  slide-4 slide-even'><div data-rel='slideshow-1' class='avia-slide-wrap '  title='Filats Gonfaus' ><img decoding=\"async\" fetchpriority=\"high\" class=\"wp-image-104 avia-img-lazy-loading-not-104\"  src=\"https:\/\/www.filatsgonfaus.com\/wp-content\/uploads\/2015\/05\/filats-gonfaus-02.jpg\" width=\"1500\" height=\"430\" title='Filats Gonfaus' alt='Filats Gonfaus'  itemprop=\"thumbnailUrl\" srcset=\"https:\/\/www.filatsgonfaus.com\/wp-content\/uploads\/2015\/05\/filats-gonfaus-02.jpg 1500w, https:\/\/www.filatsgonfaus.com\/wp-content\/uploads\/2015\/05\/filats-gonfaus-02-300x86.jpg 300w, https:\/\/www.filatsgonfaus.com\/wp-content\/uploads\/2015\/05\/filats-gonfaus-02-1030x295.jpg 1030w, https:\/\/www.filatsgonfaus.com\/wp-content\/uploads\/2015\/05\/filats-gonfaus-02-705x202.jpg 705w, https:\/\/www.filatsgonfaus.com\/wp-content\/uploads\/2015\/05\/filats-gonfaus-02-450x129.jpg 450w\" sizes=\"(max-width: 1500px) 100vw, 1500px\" \/><\/div><\/li><li  class='avia-slideshow-slide av-av_slideshow_full-d4e530b0cb1798d46f379c4c9b222234__4  slide-5 slide-odd'><div data-rel='slideshow-1' class='avia-slide-wrap '  title='Filats Gonfaus' ><img decoding=\"async\" fetchpriority=\"high\" class=\"wp-image-103 avia-img-lazy-loading-not-103\"  src=\"https:\/\/www.filatsgonfaus.com\/wp-content\/uploads\/2015\/05\/filats-gonfaus-01.jpg\" width=\"1500\" height=\"430\" title='Filats Gonfaus' alt='Filats Gonfaus'  itemprop=\"thumbnailUrl\" srcset=\"https:\/\/www.filatsgonfaus.com\/wp-content\/uploads\/2015\/05\/filats-gonfaus-01.jpg 1500w, https:\/\/www.filatsgonfaus.com\/wp-content\/uploads\/2015\/05\/filats-gonfaus-01-300x86.jpg 300w, https:\/\/www.filatsgonfaus.com\/wp-content\/uploads\/2015\/05\/filats-gonfaus-01-1030x295.jpg 1030w, https:\/\/www.filatsgonfaus.com\/wp-content\/uploads\/2015\/05\/filats-gonfaus-01-705x202.jpg 705w, https:\/\/www.filatsgonfaus.com\/wp-content\/uploads\/2015\/05\/filats-gonfaus-01-450x129.jpg 450w\" sizes=\"(max-width: 1500px) 100vw, 1500px\" \/><\/div><\/li><\/ul><div class='avia-slideshow-arrows avia-slideshow-controls' ><a href='#prev' class='prev-slide  avia-svg-icon avia-font-svg_entypo-fontello' data-av_svg_icon='left-open-big' data-av_iconset='svg_entypo-fontello' tabindex='-1' title=\"Pr\u00e9c\u00e9dent\"><svg version=\"1.1\" xmlns=\"http:\/\/www.w3.org\/2000\/svg\" width=\"15\" height=\"32\" viewBox=\"0 0 15 32\" preserveAspectRatio=\"xMidYMid meet\" aria-labelledby='av-svg-title-1' aria-describedby='av-svg-desc-1' role=\"graphics-symbol\" aria-hidden=\"true\">\n<title id='av-svg-title-1'>Pr\u00e9c\u00e9dent<\/title>\n<desc id='av-svg-desc-1'>Pr\u00e9c\u00e9dent<\/desc>\n<path d=\"M14.464 27.84q0.832 0.832 0 1.536-0.832 0.832-1.536 0l-12.544-12.608q-0.768-0.768 0-1.6l12.544-12.608q0.704-0.832 1.536 0 0.832 0.704 0 1.536l-11.456 11.904z\"><\/path>\n<\/svg><span class='avia_hidden_link_text'>Pr\u00e9c\u00e9dent<\/span><\/a><a href='#next' class='next-slide  avia-svg-icon avia-font-svg_entypo-fontello' data-av_svg_icon='right-open-big' data-av_iconset='svg_entypo-fontello' tabindex='-1' title=\"Suivant\"><svg version=\"1.1\" xmlns=\"http:\/\/www.w3.org\/2000\/svg\" width=\"15\" height=\"32\" viewBox=\"0 0 15 32\" preserveAspectRatio=\"xMidYMid meet\" aria-labelledby='av-svg-title-2' aria-describedby='av-svg-desc-2' role=\"graphics-symbol\" aria-hidden=\"true\">\n<title id='av-svg-title-2'>Suivant<\/title>\n<desc id='av-svg-desc-2'>Suivant<\/desc>\n<path d=\"M0.416 27.84l11.456-11.84-11.456-11.904q-0.832-0.832 0-1.536 0.832-0.832 1.536 0l12.544 12.608q0.768 0.832 0 1.6l-12.544 12.608q-0.704 0.832-1.536 0-0.832-0.704 0-1.536z\"><\/path>\n<\/svg><span class='avia_hidden_link_text'>Suivant<\/span><\/a><\/div><div class='avia-slideshow-dots avia-slideshow-controls'><a href='#1' class='goto-slide active' >1<\/a><a href='#2' class='goto-slide ' >2<\/a><a href='#3' class='goto-slide ' >3<\/a><a href='#4' class='goto-slide ' >4<\/a><a href='#5' class='goto-slide ' >5<\/a><\/div><\/div><\/div><div id='after_full_slider_1'  class='main_color av_default_container_wrap container_wrap fullsize'  ><div class='container av-section-cont-open' ><div class='template-page content  av-content-full alpha units'><div class='post-entry post-entry-type-page post-entry-265'><div class='entry-content-wrapper clearfix'>\n\n<style type=\"text\/css\" data-created_by=\"avia_inline_auto\" id=\"style-css-av-av_one_fifth-9e702b79e2e2d9b28653785301bf484f\">\n.flex_column.av-av_one_fifth-9e702b79e2e2d9b28653785301bf484f{\nborder-radius:0px 0px 0px 0px;\npadding:15px 15px 15px 15px;\n}\n<\/style>\n<div  class='flex_column av-av_one_fifth-9e702b79e2e2d9b28653785301bf484f av_one_fifth  avia-builder-el-1  el_after_av_slideshow_full  el_before_av_one_fifth  avia-builder-el-first  first no_margin flex_column_div  '     ><p>\n<style type=\"text\/css\" data-created_by=\"avia_inline_auto\" id=\"style-css-av-av_image-76d8beb99d947f40b4c21aa4aa3d62bc\">\n.avia-image-container.av-av_image-76d8beb99d947f40b4c21aa4aa3d62bc img.avia_image{\nbox-shadow:none;\n}\n.avia-image-container.av-av_image-76d8beb99d947f40b4c21aa4aa3d62bc .av-image-caption-overlay-center{\ncolor:#ffffff;\n}\n<\/style>\n<div  class='avia-image-container av-av_image-76d8beb99d947f40b4c21aa4aa3d62bc av-styling- avia-align-center  avia-builder-el-2  el_before_av_textblock  avia-builder-el-first '   itemprop=\"image\" itemscope=\"itemscope\" itemtype=\"https:\/\/schema.org\/ImageObject\" ><div class=\"avia-image-container-inner\"><div class=\"avia-image-overlay-wrap\"><img decoding=\"async\" fetchpriority=\"high\" class='wp-image-147 avia-img-lazy-loading-not-147 avia_image ' src=\"https:\/\/www.filatsgonfaus.com\/wp-content\/uploads\/2014\/09\/aitpa-asociacion-industrial-textil.jpg\" alt='aitpa, asociacion industrial textil del proceso algodonero' title='aitpa, asociacion industrial textil del proceso algodonero'  height=\"125\" width=\"250\"  itemprop=\"thumbnailUrl\"  \/><\/div><\/div><\/div><br \/>\n<section  class='av_textblock_section av-av_textblock-0366cc7376be6c9e82a3e9cc8987b64f '   itemscope=\"itemscope\" itemtype=\"https:\/\/schema.org\/CreativeWork\" ><div class='avia_textblock'  itemprop=\"text\" ><p style=\"text-align: center;\">Gonfaus est membre de l&rsquo;<strong>Asociaci\u00f3n Industrial Textil de Proceso Algodonero<\/strong>\u00a0 (Association des Industries Textiles du Processus Cotonnier), qui d\u00e9veloppe et favorise l&rsquo;industrie textile dans notre pays.<\/p>\n<\/div><\/section><\/p><\/div>\n\n<style type=\"text\/css\" data-created_by=\"avia_inline_auto\" id=\"style-css-av-av_one_fifth-5dccc5e69b234801256c8c4f4e8116a0\">\n.flex_column.av-av_one_fifth-5dccc5e69b234801256c8c4f4e8116a0{\nborder-radius:0px 0px 0px 0px;\npadding:15px 15px 15px 15px;\n}\n<\/style>\n<div  class='flex_column av-av_one_fifth-5dccc5e69b234801256c8c4f4e8116a0 av_one_fifth  avia-builder-el-4  el_after_av_one_fifth  el_before_av_one_fifth  no_margin flex_column_div  '     ><p>\n<style type=\"text\/css\" data-created_by=\"avia_inline_auto\" id=\"style-css-av-av_image-a3baeb1b2c70fd90bdc80196e2ccef37\">\n.avia-image-container.av-av_image-a3baeb1b2c70fd90bdc80196e2ccef37 img.avia_image{\nbox-shadow:none;\n}\n.avia-image-container.av-av_image-a3baeb1b2c70fd90bdc80196e2ccef37 .av-image-caption-overlay-center{\ncolor:#ffffff;\n}\n<\/style>\n<div  class='avia-image-container av-av_image-a3baeb1b2c70fd90bdc80196e2ccef37 av-styling- avia-align-center  avia-builder-el-5  el_before_av_textblock  avia-builder-el-first '   itemprop=\"image\" itemscope=\"itemscope\" itemtype=\"https:\/\/schema.org\/ImageObject\" ><div class=\"avia-image-container-inner\"><div class=\"avia-image-overlay-wrap\"><img decoding=\"async\" fetchpriority=\"high\" class='wp-image-149 avia-img-lazy-loading-not-149 avia_image ' src=\"https:\/\/www.filatsgonfaus.com\/wp-content\/uploads\/2014\/09\/Organic-Cotton-Colors.jpg\" alt='Organic Cotton Colors, Natural thinking' title='Organic Cotton Colors, Natural thinking'  height=\"125\" width=\"250\"  itemprop=\"thumbnailUrl\"  \/><\/div><\/div><\/div><br \/>\n<section  class='av_textblock_section av-av_textblock-0366cc7376be6c9e82a3e9cc8987b64f '   itemscope=\"itemscope\" itemtype=\"https:\/\/schema.org\/CreativeWork\" ><div class='avia_textblock'  itemprop=\"text\" ><p style=\"text-align: center;\">Gonfaus collabore avec <strong>organic cotton coulours<\/strong>, afin d&rsquo;assurer un contr\u00f4le complet de la totalit\u00e9 du cycle\u00a0: culture, filature, tissage et manufacture.<\/p>\n<\/div><\/section><\/p><\/div>\n\n<style type=\"text\/css\" data-created_by=\"avia_inline_auto\" id=\"style-css-av-av_one_fifth-5dccc5e69b234801256c8c4f4e8116a0\">\n.flex_column.av-av_one_fifth-5dccc5e69b234801256c8c4f4e8116a0{\nborder-radius:0px 0px 0px 0px;\npadding:15px 15px 15px 15px;\n}\n<\/style>\n<div  class='flex_column av-av_one_fifth-5dccc5e69b234801256c8c4f4e8116a0 av_one_fifth  avia-builder-el-7  el_after_av_one_fifth  el_before_av_one_fifth  no_margin flex_column_div  '     ><p>\n<style type=\"text\/css\" data-created_by=\"avia_inline_auto\" id=\"style-css-av-av_image-9cab6a8c84ccb40c89a2d3de41158543\">\n.avia-image-container.av-av_image-9cab6a8c84ccb40c89a2d3de41158543 img.avia_image{\nbox-shadow:none;\n}\n.avia-image-container.av-av_image-9cab6a8c84ccb40c89a2d3de41158543 .av-image-caption-overlay-center{\ncolor:#ffffff;\n}\n<\/style>\n<div  class='avia-image-container av-av_image-9cab6a8c84ccb40c89a2d3de41158543 av-styling- avia-align-center  avia-builder-el-8  el_before_av_textblock  avia-builder-el-first '   itemprop=\"image\" itemscope=\"itemscope\" itemtype=\"https:\/\/schema.org\/ImageObject\" ><div class=\"avia-image-container-inner\"><div class=\"avia-image-overlay-wrap\"><img decoding=\"async\" fetchpriority=\"high\" class='wp-image-155 avia-img-lazy-loading-not-155 avia_image ' src=\"https:\/\/www.filatsgonfaus.com\/wp-content\/uploads\/2014\/09\/energia-renovable-textil1.jpg\" alt='Uso de energ\u00edas renovables en la industria textil' title='Uso de energ\u00edas renovables en la industria textil'  height=\"125\" width=\"250\"  itemprop=\"thumbnailUrl\"  \/><\/div><\/div><\/div><br \/>\n<section  class='av_textblock_section av-av_textblock-0366cc7376be6c9e82a3e9cc8987b64f '   itemscope=\"itemscope\" itemtype=\"https:\/\/schema.org\/CreativeWork\" ><div class='avia_textblock'  itemprop=\"text\" ><p style=\"text-align: center;\">Gonfaus collabore avec l&rsquo;environnement en employant des <strong>\u00e9nergies renouvelables<\/strong>,\u00a0 de fa\u00e7on \u00e0 d\u00e9velopper une plan\u00e8te propre et durable.<\/p>\n<\/div><\/section><\/p><\/div>\n\n<style type=\"text\/css\" data-created_by=\"avia_inline_auto\" id=\"style-css-av-av_one_fifth-5dccc5e69b234801256c8c4f4e8116a0\">\n.flex_column.av-av_one_fifth-5dccc5e69b234801256c8c4f4e8116a0{\nborder-radius:0px 0px 0px 0px;\npadding:15px 15px 15px 15px;\n}\n<\/style>\n<div  class='flex_column av-av_one_fifth-5dccc5e69b234801256c8c4f4e8116a0 av_one_fifth  avia-builder-el-10  el_after_av_one_fifth  el_before_av_one_fifth  no_margin flex_column_div  '     ><p>\n<style type=\"text\/css\" data-created_by=\"avia_inline_auto\" id=\"style-css-av-av_image-bd74f5055de588aa4a47234d6796be7d\">\n.avia-image-container.av-av_image-bd74f5055de588aa4a47234d6796be7d img.avia_image{\nbox-shadow:none;\n}\n.avia-image-container.av-av_image-bd74f5055de588aa4a47234d6796be7d .av-image-caption-overlay-center{\ncolor:#ffffff;\n}\n<\/style>\n<div  class='avia-image-container av-av_image-bd74f5055de588aa4a47234d6796be7d av-styling- avia-align-center  avia-builder-el-11  el_before_av_textblock  avia-builder-el-first '   itemprop=\"image\" itemscope=\"itemscope\" itemtype=\"https:\/\/schema.org\/ImageObject\" ><div class=\"avia-image-container-inner\"><div class=\"avia-image-overlay-wrap\"><img decoding=\"async\" fetchpriority=\"high\" class='wp-image-157 avia-img-lazy-loading-not-157 avia_image ' src=\"https:\/\/www.filatsgonfaus.com\/wp-content\/uploads\/2014\/09\/50-anos-experiencia-filats-gonfaus.jpg\" alt='50 a\u00f1os de experiencia Filats Gonfaus' title='50 a\u00f1os de experiencia Filats Gonfaus'  height=\"125\" width=\"250\"  itemprop=\"thumbnailUrl\"  \/><\/div><\/div><\/div><br \/>\n<section  class='av_textblock_section av-av_textblock-0366cc7376be6c9e82a3e9cc8987b64f '   itemscope=\"itemscope\" itemtype=\"https:\/\/schema.org\/CreativeWork\" ><div class='avia_textblock'  itemprop=\"text\" ><p style=\"text-align: center;\">Gonfaus poss\u00e8de une large exp\u00e9rience dans le secteur textile, nos d\u00e9buts dans ce secteur remontent aux ann\u00e9es 1960. <strong>Plus de 50 ans d&rsquo;exp\u00e9rience t\u00e9moignent de notre qualit\u00e9<\/strong>.<\/p>\n<\/div><\/section><\/p><\/div>\n\n<style type=\"text\/css\" data-created_by=\"avia_inline_auto\" id=\"style-css-av-av_one_fifth-5dccc5e69b234801256c8c4f4e8116a0\">\n.flex_column.av-av_one_fifth-5dccc5e69b234801256c8c4f4e8116a0{\nborder-radius:0px 0px 0px 0px;\npadding:15px 15px 15px 15px;\n}\n<\/style>\n<div  class='flex_column av-av_one_fifth-5dccc5e69b234801256c8c4f4e8116a0 av_one_fifth  avia-builder-el-13  el_after_av_one_fifth  avia-builder-el-last  no_margin flex_column_div  '     ><p>\n<style type=\"text\/css\" data-created_by=\"avia_inline_auto\" id=\"style-css-av-av_image-020485b37c60f46033919073e4938f76\">\n.avia-image-container.av-av_image-020485b37c60f46033919073e4938f76 img.avia_image{\nbox-shadow:none;\n}\n.avia-image-container.av-av_image-020485b37c60f46033919073e4938f76 .av-image-caption-overlay-center{\ncolor:#ffffff;\n}\n<\/style>\n<div  class='avia-image-container av-av_image-020485b37c60f46033919073e4938f76 av-styling- avia-align-center  avia-builder-el-14  el_before_av_textblock  avia-builder-el-first '   itemprop=\"image\" itemscope=\"itemscope\" itemtype=\"https:\/\/schema.org\/ImageObject\" ><div class=\"avia-image-container-inner\"><div class=\"avia-image-overlay-wrap\"><img decoding=\"async\" fetchpriority=\"high\" class='wp-image-291 avia-img-lazy-loading-not-291 avia_image ' src=\"https:\/\/www.filatsgonfaus.com\/wp-content\/uploads\/2014\/09\/confidence-in-textiles.jpg\" alt='Gonfaus dispone del certificado OEKO-TEX, clase de productos II.' title='Gonfaus dispone del certificado OEKO-TEX, clase de productos II.'  height=\"125\" width=\"250\"  itemprop=\"thumbnailUrl\"  \/><\/div><\/div><\/div><br \/>\n<section  class='av_textblock_section av-av_textblock-0366cc7376be6c9e82a3e9cc8987b64f '   itemscope=\"itemscope\" itemtype=\"https:\/\/schema.org\/CreativeWork\" ><div class='avia_textblock'  itemprop=\"text\" ><p style=\"text-align: center;\">Gonfaus a le certificat <strong>OEKO-TEX<\/strong>, classe de produit II. Tested for harmful sustbances according to Oeko-Tex Standard 100.<\/p>\n<\/div><\/section><\/p><\/div>\n","protected":false},"excerpt":{"rendered":"","protected":false},"author":1,"featured_media":0,"parent":0,"menu_order":0,"comment_status":"open","ping_status":"open","template":"","meta":{"footnotes":""},"class_list":["post-265","page","type-page","status-publish","hentry"],"yoast_head":"<!-- This site is optimized with the Yoast SEO plugin v27.3 - https:\/\/yoast.com\/product\/yoast-seo-wordpress\/ -->\n<title>Filats Gonfaus<\/title>\n<meta name=\"description\" content=\"Con m\u00e1s de 50 a\u00f1os de experiencia, Filats Gonfaus es miembro de la Asociaci\u00f3n Industrial Textil de Proceso Algodonero y colabora con organic cotton colours.\" \/>\n<meta name=\"robots\" content=\"index, follow, max-snippet:-1, max-image-preview:large, max-video-preview:-1\" \/>\n<link rel=\"canonical\" href=\"https:\/\/www.filatsgonfaus.com\/fr\/\" \/>\n<meta property=\"og:locale\" content=\"fr_FR\" \/>\n<meta property=\"og:type\" content=\"article\" \/>\n<meta property=\"og:title\" content=\"Filats Gonfaus\" \/>\n<meta property=\"og:description\" content=\"Con m\u00e1s de 50 a\u00f1os de experiencia, Filats Gonfaus es miembro de la Asociaci\u00f3n Industrial Textil de Proceso Algodonero y colabora con organic cotton colours.\" \/>\n<meta property=\"og:url\" content=\"https:\/\/www.filatsgonfaus.com\/fr\/\" \/>\n<meta property=\"og:site_name\" content=\"Filats Gonfaus\" \/>\n<meta property=\"article:modified_time\" content=\"2017-03-06T07:59:16+00:00\" \/>\n<meta name=\"twitter:card\" content=\"summary_large_image\" \/>\n<meta name=\"twitter:label1\" content=\"Dur\u00e9e de lecture estim\u00e9e\" \/>\n\t<meta name=\"twitter:data1\" content=\"4 minutes\" \/>\n<script type=\"application\/ld+json\" class=\"yoast-schema-graph\">{\"@context\":\"https:\\\/\\\/schema.org\",\"@graph\":[{\"@type\":\"WebPage\",\"@id\":\"https:\\\/\\\/www.filatsgonfaus.com\\\/fr\\\/\",\"url\":\"https:\\\/\\\/www.filatsgonfaus.com\\\/fr\\\/\",\"name\":\"Filats Gonfaus\",\"isPartOf\":{\"@id\":\"https:\\\/\\\/www.filatsgonfaus.com\\\/#website\"},\"datePublished\":\"2014-09-24T15:17:12+00:00\",\"dateModified\":\"2017-03-06T07:59:16+00:00\",\"description\":\"Con m\u00e1s de 50 a\u00f1os de experiencia, Filats Gonfaus es miembro de la Asociaci\u00f3n Industrial Textil de Proceso Algodonero y colabora con organic cotton colours.\",\"breadcrumb\":{\"@id\":\"https:\\\/\\\/www.filatsgonfaus.com\\\/fr\\\/#breadcrumb\"},\"inLanguage\":\"fr-FR\",\"potentialAction\":[{\"@type\":\"ReadAction\",\"target\":[\"https:\\\/\\\/www.filatsgonfaus.com\\\/fr\\\/\"]}]},{\"@type\":\"BreadcrumbList\",\"@id\":\"https:\\\/\\\/www.filatsgonfaus.com\\\/fr\\\/#breadcrumb\",\"itemListElement\":[{\"@type\":\"ListItem\",\"position\":1,\"name\":\"Portada\",\"item\":\"https:\\\/\\\/www.filatsgonfaus.com\\\/fr\\\/\"},{\"@type\":\"ListItem\",\"position\":2,\"name\":\"Accueil\"}]},{\"@type\":\"WebSite\",\"@id\":\"https:\\\/\\\/www.filatsgonfaus.com\\\/#website\",\"url\":\"https:\\\/\\\/www.filatsgonfaus.com\\\/\",\"name\":\"Filats Gonfaus\",\"description\":\"Empresa de filatura textil Gonfaus\",\"potentialAction\":[{\"@type\":\"SearchAction\",\"target\":{\"@type\":\"EntryPoint\",\"urlTemplate\":\"https:\\\/\\\/www.filatsgonfaus.com\\\/?s={search_term_string}\"},\"query-input\":{\"@type\":\"PropertyValueSpecification\",\"valueRequired\":true,\"valueName\":\"search_term_string\"}}],\"inLanguage\":\"fr-FR\"}]}<\/script>\n<!-- \/ Yoast SEO plugin. -->","yoast_head_json":{"title":"Filats Gonfaus","description":"Con m\u00e1s de 50 a\u00f1os de experiencia, Filats Gonfaus es miembro de la Asociaci\u00f3n Industrial Textil de Proceso Algodonero y colabora con organic cotton colours.","robots":{"index":"index","follow":"follow","max-snippet":"max-snippet:-1","max-image-preview":"max-image-preview:large","max-video-preview":"max-video-preview:-1"},"canonical":"https:\/\/www.filatsgonfaus.com\/fr\/","og_locale":"fr_FR","og_type":"article","og_title":"Filats Gonfaus","og_description":"Con m\u00e1s de 50 a\u00f1os de experiencia, Filats Gonfaus es miembro de la Asociaci\u00f3n Industrial Textil de Proceso Algodonero y colabora con organic cotton colours.","og_url":"https:\/\/www.filatsgonfaus.com\/fr\/","og_site_name":"Filats Gonfaus","article_modified_time":"2017-03-06T07:59:16+00:00","twitter_card":"summary_large_image","twitter_misc":{"Dur\u00e9e de lecture estim\u00e9e":"4 minutes"},"schema":{"@context":"https:\/\/schema.org","@graph":[{"@type":"WebPage","@id":"https:\/\/www.filatsgonfaus.com\/fr\/","url":"https:\/\/www.filatsgonfaus.com\/fr\/","name":"Filats Gonfaus","isPartOf":{"@id":"https:\/\/www.filatsgonfaus.com\/#website"},"datePublished":"2014-09-24T15:17:12+00:00","dateModified":"2017-03-06T07:59:16+00:00","description":"Con m\u00e1s de 50 a\u00f1os de experiencia, Filats Gonfaus es miembro de la Asociaci\u00f3n Industrial Textil de Proceso Algodonero y colabora con organic cotton colours.","breadcrumb":{"@id":"https:\/\/www.filatsgonfaus.com\/fr\/#breadcrumb"},"inLanguage":"fr-FR","potentialAction":[{"@type":"ReadAction","target":["https:\/\/www.filatsgonfaus.com\/fr\/"]}]},{"@type":"BreadcrumbList","@id":"https:\/\/www.filatsgonfaus.com\/fr\/#breadcrumb","itemListElement":[{"@type":"ListItem","position":1,"name":"Portada","item":"https:\/\/www.filatsgonfaus.com\/fr\/"},{"@type":"ListItem","position":2,"name":"Accueil"}]},{"@type":"WebSite","@id":"https:\/\/www.filatsgonfaus.com\/#website","url":"https:\/\/www.filatsgonfaus.com\/","name":"Filats Gonfaus","description":"Empresa de filatura textil Gonfaus","potentialAction":[{"@type":"SearchAction","target":{"@type":"EntryPoint","urlTemplate":"https:\/\/www.filatsgonfaus.com\/?s={search_term_string}"},"query-input":{"@type":"PropertyValueSpecification","valueRequired":true,"valueName":"search_term_string"}}],"inLanguage":"fr-FR"}]}},"_links":{"self":[{"href":"https:\/\/www.filatsgonfaus.com\/fr\/wp-json\/wp\/v2\/pages\/265","targetHints":{"allow":["GET"]}}],"collection":[{"href":"https:\/\/www.filatsgonfaus.com\/fr\/wp-json\/wp\/v2\/pages"}],"about":[{"href":"https:\/\/www.filatsgonfaus.com\/fr\/wp-json\/wp\/v2\/types\/page"}],"author":[{"embeddable":true,"href":"https:\/\/www.filatsgonfaus.com\/fr\/wp-json\/wp\/v2\/users\/1"}],"replies":[{"embeddable":true,"href":"https:\/\/www.filatsgonfaus.com\/fr\/wp-json\/wp\/v2\/comments?post=265"}],"version-history":[{"count":5,"href":"https:\/\/www.filatsgonfaus.com\/fr\/wp-json\/wp\/v2\/pages\/265\/revisions"}],"predecessor-version":[{"id":322,"href":"https:\/\/www.filatsgonfaus.com\/fr\/wp-json\/wp\/v2\/pages\/265\/revisions\/322"}],"wp:attachment":[{"href":"https:\/\/www.filatsgonfaus.com\/fr\/wp-json\/wp\/v2\/media?parent=265"}],"curies":[{"name":"wp","href":"https:\/\/api.w.org\/{rel}","templated":true}]}}